{"id":28,"date":"2016-09-13T13:16:23","date_gmt":"2016-09-13T13:16:23","guid":{"rendered":"https:\/\/ailan.fi\/index.php\/lunch\/"},"modified":"2026-03-19T13:15:40","modified_gmt":"2026-03-19T11:15:40","slug":"lunch","status":"publish","type":"page","link":"https:\/\/ailan.fi\/?page_id=28","title":{"rendered":"Lounas"},"content":{"rendered":"<h1>Lounas<\/h1>\n<div>\n<p>Maistuva kotiruokalounas tarjoillaan noutop\u00f6yd\u00e4st\u00e4<br data-start=\"282\" data-end=\"285\" \/>maanantaista perjantaihin klo 10.30\u201314.15 ja lauantaisin klo 11.00\u201314.15<\/p>\n<\/div>\n<div>\n<p>    <div class=\"printfriendly pf-button  pf-alignleft\">\n                    <a href=\"https:\/\/ailan.fi\/?page_id=28&#038;pfstyle=wp\" rel=\"nofollow\" onclick=\"\" title=\"Printer Friendly, PDF & Email\">\n                    <img decoding=\"async\" src=\"https:\/\/cdn.printfriendly.com\/icons\/printfriendly-icon-lg.png\" alt=\"Print Friendly, PDF & Email\" class=\"pf-button-img\" style=\"width: 25px;height: 25px;\"  \/><span id=\"printfriendly-text2\" class=\"pf-button-text\">Tulosta lounaslista<\/span>\n                    <\/a>\n                <\/div><h3 style=\"text-align: center;\" data-section-id=\"lm2fwj\" data-start=\"240\" data-end=\"252\">17.03.<\/h3>\n<p style=\"text-align: center;\" data-start=\"253\" data-end=\"376\"><strong data-start=\"253\" data-end=\"266\">Maanantai<\/strong><br data-start=\"266\" data-end=\"269\" \/>Kermainen lohikeitto L,G<br data-start=\"293\" data-end=\"296\" \/>Jauhelihapihvit ja pippurikastike L,G<br data-start=\"333\" data-end=\"336\" \/>Kana-kasvispasta L<br data-start=\"354\" data-end=\"357\" \/>Mustikkarahka L,G<\/p>\n<hr data-start=\"378\" data-end=\"381\" \/>\n<h3 style=\"text-align: center;\" data-section-id=\"a6c6rw\" data-start=\"383\" data-end=\"395\">18.03.<\/h3>\n<p style=\"text-align: center;\" data-start=\"396\" data-end=\"538\"><strong data-start=\"396\" data-end=\"407\">Tiistai<\/strong><br data-start=\"407\" data-end=\"410\" \/>Kasvissosekeitto L,G<br data-start=\"430\" data-end=\"433\" \/>Perinteinen pyttipannu ja paistettu kananmuna L,G<br data-start=\"482\" data-end=\"485\" \/>Uunilohi ja tillikastike L,G<br data-start=\"513\" data-end=\"516\" \/>Omena-kaurapaistos M<\/p>\n<hr data-start=\"540\" data-end=\"543\" \/>\n<h3 style=\"text-align: center;\" data-section-id=\"ie04ul\" data-start=\"545\" data-end=\"557\">19.03.<\/h3>\n<p style=\"text-align: center;\" data-start=\"558\" data-end=\"665\"><strong data-start=\"558\" data-end=\"573\">Keskiviikko<\/strong><br data-start=\"573\" data-end=\"576\" \/>Broilerikeitto M,G<br data-start=\"594\" data-end=\"597\" \/>Lasagne L<br data-start=\"606\" data-end=\"609\" \/>Kaalik\u00e4\u00e4ryleet ja puolukkahillo L,G<br data-start=\"644\" data-end=\"647\" \/>Suklaamousse L,G<\/p>\n<hr data-start=\"667\" data-end=\"670\" \/>\n<h3 style=\"text-align: center;\" data-section-id=\"1r5yjc7\" data-start=\"672\" data-end=\"684\">20.03.<\/h3>\n<p style=\"text-align: center;\" data-start=\"685\" data-end=\"833\"><strong data-start=\"685\" data-end=\"696\">Torstai<\/strong><br data-start=\"696\" data-end=\"699\" \/>Hernekeitto M,G<br data-start=\"714\" data-end=\"717\" \/>Porsaan kassler ja paahdettu sipulikastike M,G<br data-start=\"763\" data-end=\"766\" \/>Kalapuikot ja remouladekastike L<br data-start=\"798\" data-end=\"801\" \/>Pannukakku ja mansikkahillo VL<\/p>\n<hr data-start=\"835\" data-end=\"838\" \/>\n<h3 style=\"text-align: center;\" data-section-id=\"1728mna\" data-start=\"840\" data-end=\"852\">21.03.<\/h3>\n<p style=\"text-align: center;\" data-start=\"853\" data-end=\"1020\"><strong data-start=\"853\" data-end=\"866\">Perjantai<\/strong><br data-start=\"866\" data-end=\"869\" \/>Tomaatti-basilikakeitto L,G<br data-start=\"896\" data-end=\"899\" \/>Leikep\u00e4iv\u00e4: porsaanleike ja bearnaisekastike VL<br data-start=\"946\" data-end=\"949\" \/>Kermainen broilerikiusaus L,G<br data-start=\"978\" data-end=\"981\" \/>Vadelmakiisseli ja vaniljakastike L,G<\/p>\n<hr data-start=\"1022\" data-end=\"1025\" \/>\n<h3 style=\"text-align: center;\" data-section-id=\"w9jisl\" data-start=\"1027\" data-end=\"1039\">22.03.<\/h3>\n<p style=\"text-align: center;\" data-start=\"1040\" data-end=\"1118\"><strong data-start=\"1040\" data-end=\"1052\">Lauantai<\/strong><br data-start=\"1052\" data-end=\"1055\" \/>P\u00e4iv\u00e4n keitto, kaksi l\u00e4mmint\u00e4 ruokaa sek\u00e4 j\u00e4lkiruoka ja kahvi<\/p>\n<p style=\"text-align: center;\"><strong>L<\/strong> = Laktoositon, <strong>VL = <\/strong>V\u00e4h\u00e4laktoosinen, <strong>M<\/strong> = Maidoton,<\/p>\n<p style=\"text-align: center;\"><strong>G<\/strong> = Gluteeniton,<strong>\u00a0 <\/strong><strong>G*<\/strong> = Pyydett\u00e4ess\u00e4 gluteeniton<\/p>\n<p style=\"text-align: center;\">\n<p style=\"text-align: center;\" data-start=\"1269\" data-end=\"1393\"><strong data-start=\"1269\" data-end=\"1293\">Lounasbuffet 10,90 \u20ac<\/strong><br data-start=\"1293\" data-end=\"1296\" \/>Sis\u00e4lt\u00e4\u00e4 keiton, kaksi l\u00e4mmint\u00e4 ruokaa, salaatit, leiv\u00e4t, ruokajuomat sek\u00e4 j\u00e4lkiruoan ja kahvin<\/p>\n<p style=\"text-align: center;\" data-start=\"1395\" data-end=\"1495\"><strong data-start=\"1395\" data-end=\"1418\">Keittolounas 9,00 \u20ac<\/strong><br data-start=\"1418\" data-end=\"1421\" \/>Sis\u00e4lt\u00e4\u00e4 keiton, salaatit, leiv\u00e4t, ruokajuomat sek\u00e4 j\u00e4lkiruoan ja kahvin<\/p>\n<p style=\"text-align: center;\">\n<p style=\"text-align: center;\">\n<p style=\"text-align: center;\">Kaikki maitopohjaiset tuotteet on valmistettu v\u00e4h\u00e4laktoosisista\/laktoosittomista raaka-aineista.<\/p>\n<p style=\"text-align: center;\"><strong>Lounaspassilla joka kymmenes lounas veloituksetta.<\/strong><\/p>\n<p style=\"text-align: center;\">\n<div class=\"uk-child-width-auto uk-grid-small uk-flex-bottom uk-grid\" style=\"text-align: center;\"><\/div>\n<div class=\"uk-child-width-auto uk-grid-small uk-flex-bottom uk-grid\" style=\"text-align: center;\">\n<div class=\"el-meta uk-text-primary\" style=\"text-align: center;\"><\/div>\n<\/div>\n\n<\/p><\/div>\n<p><!--more--><br \/>\n<!-- {\"name\":\"Home\",\"type\":\"layout\",\"children\":[{\"name\":\"Menu\",\"type\":\"section\",\"props\":{\"animation\":\"fade\",\"image\":\"wp-content\/uploads\/Tausta.jpg\",\"image_effect\":\"fixed\",\"image_height\":\"1920\",\"image_position\":\"center-center\",\"image_size\":\"cover\",\"padding_bottom\":\"large\",\"padding_top\":\"large\",\"style\":\"default\",\"title_breakpoint\":\"xl\",\"title_position\":\"top-left\",\"title_rotation\":\"left\",\"vertical_align\":\"\",\"width\":\"default\"},\"children\":[{\"type\":\"row\",\"children\":[{\"type\":\"column\",\"props\":{\"image_position\":\"center-center\",\"padding\":\"large\",\"position_sticky_breakpoint\":\"m\",\"style\":\"tile-default\",\"width_medium\":\"1-1\"},\"children\":[{\"type\":\"headline\",\"props\":{\"content\":\"Lounas\",\"image_align\":\"left\",\"image_margin\":\"xsmall\",\"text_align\":\"center\",\"title_element\":\"h1\",\"title_style\":\"h2\"}},{\"type\":\"text\",\"props\":{\"block_align\":\"center\",\"column_breakpoint\":\"m\",\"content\":\"\n\n<p>Maistuva kotiruokalounas tarjoillaan noutop\u00f6yd\u00e4st\u00e4<br data-start=\\\"282\\\" data-end=\\\"285\\\" \/>maanantaista perjantaihin klo 10.30\u201314.15 ja lauantaisin klo 11.00\u201314.15<\/p>\n\n\",\"margin_bottom\":\"large\",\"margin_top\":\"remove\",\"maxwidth\":\"large\",\"text_align\":\"center\"}},{\"type\":\"html\",\"props\":{\"content\":\"[printfriendly][post-content id=221]\"}}]}]}]}],\"version\":\"5.0.24\"} --><\/p>\n","protected":false},"excerpt":{"rendered":"<p>Lounas Maistuva kotiruokalounas tarjoillaan noutop\u00f6yd\u00e4st\u00e4maanantaista perjantaihin klo 10.30\u201314.15 ja lauantaisin klo 11.00\u201314.15<\/p>\n","protected":false},"author":1,"featured_media":0,"parent":0,"menu_order":6,"comment_status":"closed","ping_status":"closed","template":"","meta":{"footnotes":""},"class_list":["post-28","page","type-page","status-publish","hentry"],"_links":{"self":[{"href":"https:\/\/ailan.fi\/index.php?rest_route=\/wp\/v2\/pages\/28","targetHints":{"allow":["GET"]}}],"collection":[{"href":"https:\/\/ailan.fi\/index.php?rest_route=\/wp\/v2\/pages"}],"about":[{"href":"https:\/\/ailan.fi\/index.php?rest_route=\/wp\/v2\/types\/page"}],"author":[{"embeddable":true,"href":"https:\/\/ailan.fi\/index.php?rest_route=\/wp\/v2\/users\/1"}],"replies":[{"embeddable":true,"href":"https:\/\/ailan.fi\/index.php?rest_route=%2Fwp%2Fv2%2Fcomments&post=28"}],"version-history":[{"count":2,"href":"https:\/\/ailan.fi\/index.php?rest_route=\/wp\/v2\/pages\/28\/revisions"}],"predecessor-version":[{"id":28376,"href":"https:\/\/ailan.fi\/index.php?rest_route=\/wp\/v2\/pages\/28\/revisions\/28376"}],"wp:attachment":[{"href":"https:\/\/ailan.fi\/index.php?rest_route=%2Fwp%2Fv2%2Fmedia&parent=28"}],"curies":[{"name":"wp","href":"https:\/\/api.w.org\/{rel}","templated":true}]}}