{"id":31,"date":"2016-09-13T13:16:53","date_gmt":"2016-09-13T13:16:53","guid":{"rendered":"https:\/\/ailan.fi\/index.php\/contact-2\/"},"modified":"2026-03-19T13:34:21","modified_gmt":"2026-03-19T11:34:21","slug":"contact-2","status":"publish","type":"page","link":"https:\/\/ailan.fi\/?page_id=31","title":{"rendered":"Yhteystiedot"},"content":{"rendered":"<h1>Ailan Honkapirtti<\/h1>\n<div>\n<p>T\u00e4h\u00e4n jotain teksti\u00e4<\/p>\n<\/div>\n<ul>\n<li>\n<p>\n        <a href=\"mailto:info@ailan.fi\">Ota yhteytt\u00e4<\/a>\n    <\/p>\n<\/li>\n<li>\n<p>\n        <a href=\"mailto:info@ailan.fi\">Palaute<\/a>\n    <\/p>\n<\/li>\n<\/ul>\n<h3><span class=\"uk-heading-divider\">Yhteystiedot<\/span><\/h3>\n<div>\n<p>Hongontie 2<br \/>38950 Honkajoki<\/p>\n<\/div>\n<ul>\n<li>\n<h3>Puhelin<\/h3>\n<div>\n<p><a href=\"tel:+358405420040\">040 542 0040<\/a><a class=\"uk-link-reset\" href=\"tel:044 0544 425\"><\/a><\/p>\n<\/div>\n<\/li>\n<li>\n<h3>S\u00e4hk\u00f6posti<\/h3>\n<div>\n<p><a href=\"mailto:info@ailan.fi\">info@ailan.fi<\/a><\/p>\n<\/div>\n<\/li>\n<\/ul>\n<h3><span class=\"uk-heading-divider\">Avoinna<\/span><\/h3>\n<ul>\n<li>\n<h3>ma-pe<\/h3>\n<div>\n<p>10-15.30<\/p>\n<\/div>\n<\/li>\n<li>\n<h3>la<\/h3>\n<div>\n<p>10-15.45<\/p>\n<\/div>\n<\/li>\n<li>\n<h3>Su<\/h3>\n<div>\n<p>suljettu<\/p>\n<\/div>\n<\/li>\n<\/ul>\n<div>\n<p>61.9934666,22.2604438<\/p>\n<h3>Ailan Honkapirtti<\/h3>\n<div>\n<p>Hongontie 2<br \/>38950 Honkajoki<\/p>\n<p>Puhelin<br \/><a href=\"tel:+358405420040\">040 542 0040<\/a><\/p>\n<div class=\"uk-child-width-expand uk-grid-small uk-grid\" uk-grid=\"\">\n<div class=\"uk-width-small uk-text-break uk-first-column\">\n<div class=\"el-title uk-margin-remove\">S\u00e4hk\u00f6posti<br \/><a href=\"mailto:info@ailan.fi\">info@ailan.fi<\/a><\/div>\n<\/div>\n<\/div>\n<p><a class=\"uk-link-reset\" href=\"tel:044 0544 425\"><\/a><\/p>\n<\/div>\n<\/div>\n<p><!--more--><br \/>\n<!-- {\"name\":\"Services\",\"type\":\"layout\",\"children\":[{\"name\":\"Image\",\"type\":\"section\",\"props\":{\"css\":\".el-section > [class*='uk-background-'] { min-height: 40vh; }\",\"height\":\"viewport\",\"height_viewport\":70,\"image\":\"wp-content\/uploads\/Ylakuva.png\",\"image_effect\":\"fixed\",\"image_position\":\"bottom-center\",\"image_size\":\"cover\",\"padding_bottom\":\"large\",\"padding_top\":\"large\",\"preserve_color\":false,\"style\":\"default\",\"text_color\":\"light\",\"title_breakpoint\":\"xl\",\"title_position\":\"top-left\",\"title_rotation\":\"left\",\"vertical_align\":\"\",\"width\":\"default\"},\"children\":[{\"type\":\"row\",\"children\":[{\"type\":\"column\",\"props\":{\"image_position\":\"center-center\",\"position_sticky_breakpoint\":\"m\",\"width_medium\":\"1-1\"}}]}]},{\"name\":\"Contact\",\"type\":\"section\",\"props\":{\"animation\":\"fade\",\"image_position\":\"center-center\",\"image_size\":\"cover\",\"padding_bottom\":\"large\",\"padding_top\":\"large\",\"style\":\"default\",\"title_breakpoint\":\"xl\",\"title_position\":\"top-left\",\"title_rotation\":\"left\",\"vertical_align\":\"\",\"width\":\"default\"},\"children\":[{\"type\":\"row\",\"children\":[{\"type\":\"column\",\"props\":{\"image_position\":\"center-center\",\"position_sticky_breakpoint\":\"m\",\"width_medium\":\"1-1\"},\"children\":[{\"type\":\"headline\",\"props\":{\"content\":\"Ailan Honkapirtti\",\"image_align\":\"left\",\"image_margin\":\"xsmall\",\"maxwidth\":\"2xlarge\",\"text_align\":\"left\",\"title_element\":\"h1\",\"title_style\":\"h2\"}},{\"type\":\"divider\",\"props\":{\"divider_element\":\"div\",\"divider_style\":\"small\"}},{\"type\":\"text\",\"props\":{\"column_breakpoint\":\"m\",\"content\":\"\n\n<p>T\u00e4h\u00e4n jotain teksti\u00e4<\/p>\n\n\",\"margin_bottom\":\"medium\",\"margin_top\":\"medium\",\"maxwidth\":\"xlarge\",\"text_align\":\"left\"}},{\"type\":\"button\",\"props\":{\"grid_column_gap\":\"small\",\"grid_row_gap\":\"small\",\"margin_bottom\":\"default\",\"margin_top\":\"default\"},\"children\":[{\"type\":\"button_item\",\"props\":{\"button_style\":\"default\",\"content\":\"Ota yhteytt\u00e4\",\"dialog_layout\":\"modal\",\"dialog_offcanvas_flip\":true,\"icon_align\":\"left\",\"link\":\"mailto:info@ailan.fi\"}},{\"type\":\"button_item\",\"props\":{\"button_style\":\"default\",\"content\":\"Palaute\",\"dialog_layout\":\"modal\",\"dialog_offcanvas_flip\":true,\"icon_align\":\"left\",\"link\":\"mailto:info@ailan.fi\"}}]}]}]},{\"type\":\"row\",\"props\":{\"column_gap\":\"large\",\"layout\":\"1-3,1-3,1-3\",\"margin_bottom\":\"xlarge\",\"margin_top\":\"xlarge\",\"row_gap\":\"large\",\"width\":\"default\"},\"children\":[{\"type\":\"column\",\"props\":{\"image_position\":\"center-center\",\"position_sticky_breakpoint\":\"m\",\"width_medium\":\"1-3\"},\"children\":[{\"type\":\"headline\",\"props\":{\"content\":\"<span class=\\\"uk-heading-divider\\\">Yhteystiedot<\/span>\",\"image_align\":\"left\",\"image_margin\":\"xsmall\",\"margin_bottom\":\"remove\",\"margin_top\":\"medium\",\"title_element\":\"h3\",\"title_style\":\"h4\"}},{\"type\":\"text\",\"props\":{\"column_breakpoint\":\"m\",\"content\":\"\n\n<p>Hongontie 2<br \/>38950 Honkajoki<\/p>\n\n\",\"margin_bottom\":\"default\",\"margin_top\":\"default\",\"text_align\":\"left\"}},{\"type\":\"description_list\",\"props\":{\"column_breakpoint\":\"m\",\"layout\":\"grid-2\",\"list_element\":\"ul\",\"meta_align\":\"below-content\",\"meta_style\":\"text-meta\",\"show_content\":true,\"show_link\":true,\"show_meta\":true,\"show_title\":true,\"title_element\":\"div\",\"title_grid_column_gap\":\"small\",\"title_grid_row_gap\":\"small\",\"title_grid_width\":\"small\"},\"children\":[{\"type\":\"description_list_item\",\"props\":{\"content\":\"\n\n<p><a href=\\\"tel:+358405420040\\\">040 542 0040<\/a><a class=\\\"uk-link-reset\\\" href=\\\"tel:044 0544 425\\\"><\/a><\/p>\n\n\",\"title\":\"Puhelin\"}},{\"type\":\"description_list_item\",\"props\":{\"content\":\"\n\n<p><a href=\\\"mailto:info@ailan.fi\\\">info@ailan.fi<\/a><\/p>\n\n\",\"title\":\"S\u00e4hk\u00f6posti\"}}]}]},{\"type\":\"column\",\"props\":{\"image_position\":\"center-center\",\"position_sticky_breakpoint\":\"m\",\"width_medium\":\"1-3\"},\"children\":[{\"type\":\"headline\",\"props\":{\"content\":\"<span class=\\\"uk-heading-divider\\\">Avoinna<\/span>\",\"image_align\":\"left\",\"image_margin\":\"xsmall\",\"margin_bottom\":\"remove\",\"margin_top\":\"medium\",\"title_element\":\"h3\",\"title_style\":\"h4\"}},{\"type\":\"description_list\",\"props\":{\"column_breakpoint\":\"m\",\"layout\":\"grid-2\",\"list_element\":\"ul\",\"meta_align\":\"below-content\",\"meta_style\":\"text-meta\",\"show_content\":true,\"show_link\":true,\"show_meta\":true,\"show_title\":true,\"title_element\":\"div\",\"title_grid_column_gap\":\"small\",\"title_grid_row_gap\":\"small\",\"title_grid_width\":\"small\"},\"children\":[{\"type\":\"description_list_item\",\"props\":{\"content\":\"\n\n<p>10-15.30<\/p>\n\n\",\"title\":\"ma-pe\"}},{\"type\":\"description_list_item\",\"props\":{\"content\":\"\n\n<p>10-15.45<\/p>\n\n\",\"title\":\"la\"}},{\"type\":\"description_list_item\",\"props\":{\"content\":\"\n\n<p>suljettu<\/p>\n\n\",\"title\":\"Su\"}}]}]},{\"type\":\"column\",\"props\":{\"image_position\":\"center-center\",\"position_sticky_breakpoint\":\"m\",\"width_medium\":\"1-3\"}}]}]},{\"name\":\"Map\",\"type\":\"section\",\"props\":{\"image_position\":\"center-center\",\"padding_bottom\":\"none\",\"padding_top\":\"none\",\"style\":\"default\",\"title_breakpoint\":\"xl\",\"title_position\":\"top-left\",\"title_rotation\":\"left\",\"vertical_align\":\"\",\"width\":\"\"},\"children\":[{\"type\":\"row\",\"children\":[{\"type\":\"column\",\"props\":{\"image_position\":\"center-center\",\"position_sticky_breakpoint\":\"m\",\"width_medium\":\"1-1\"},\"children\":[{\"type\":\"map\",\"props\":{\"controls\":true,\"dragging\":false,\"height\":\"600\",\"image_svg_color\":\"emphasis\",\"link_style\":\"default\",\"link_text\":\"Read more\",\"margin_bottom\":\"\",\"margin_top\":\"\",\"max_zoom\":18,\"meta_align\":\"below-title\",\"meta_element\":\"div\",\"meta_style\":\"text-meta\",\"min_zoom\":0,\"poi\":false,\"show_content\":true,\"show_image\":true,\"show_link\":true,\"show_meta\":true,\"show_title\":true,\"styler_gamma\":\"0.3\",\"styler_lightness\":\"90\",\"styler_saturation\":\"-100\",\"title_element\":\"h3\",\"title_hover_style\":\"reset\",\"type\":\"roadmap\",\"zoom\":\"17\",\"zooming\":false},\"children\":[{\"type\":\"map_item\",\"props\":{\"content\":\"\n\n<p>Hongontie 2<br \/>38950 Honkajoki<\/p>\n\n\\n\n\n<p>Puhelin<br \/><a href=\\\"tel:+358405420040\\\">040 542 0040<\/a><\/p>\n\n\\n\n\n<div class=\\\"uk-child-width-expand uk-grid-small uk-grid\\\" uk-grid=\\\"\\\">\\n\n\n<div class=\\\"uk-width-small uk-text-break uk-first-column\\\">\\n\n\n<div class=\\\"el-title uk-margin-remove\\\">S\u00e4hk\u00f6posti<br \/><a href=\\\"mailto:info@ailan.fi\\\">info@ailan.fi<\/a><\/div>\n\n\\n<\/div>\n\n\\n<\/div>\n\n\\n\n\n<p><a class=\\\"uk-link-reset\\\" href=\\\"tel:044 0544 425\\\"><\/a><\/p>\n\n\",\"location\":\"61.9934666,22.2604438\",\"title\":\"Ailan Honkapirtti\"}}]}]}]}]}],\"version\":\"5.0.24\"} --><\/p>\n","protected":false},"excerpt":{"rendered":"<p>Ailan Honkapirtti T\u00e4h\u00e4n jotain teksti\u00e4 Ota yhteytt\u00e4 Palaute Yhteystiedot Hongontie 238950 Honkajoki Puhelin 040 542 0040 S\u00e4hk\u00f6posti info@ailan.fi Avoinna ma-pe 10-15.30 la 10-15.45 Su suljettu 61.9934666,22.2604438 Ailan Honkapirtti Hongontie 238950 Honkajoki Puhelin040 542 0040 S\u00e4hk\u00f6postiinfo@ailan.fi<\/p>\n","protected":false},"author":1,"featured_media":0,"parent":0,"menu_order":2,"comment_status":"closed","ping_status":"closed","template":"","meta":{"footnotes":""},"class_list":["post-31","page","type-page","status-publish","hentry"],"_links":{"self":[{"href":"https:\/\/ailan.fi\/index.php?rest_route=\/wp\/v2\/pages\/31","targetHints":{"allow":["GET"]}}],"collection":[{"href":"https:\/\/ailan.fi\/index.php?rest_route=\/wp\/v2\/pages"}],"about":[{"href":"https:\/\/ailan.fi\/index.php?rest_route=\/wp\/v2\/types\/page"}],"author":[{"embeddable":true,"href":"https:\/\/ailan.fi\/index.php?rest_route=\/wp\/v2\/users\/1"}],"replies":[{"embeddable":true,"href":"https:\/\/ailan.fi\/index.php?rest_route=%2Fwp%2Fv2%2Fcomments&post=31"}],"version-history":[{"count":10,"href":"https:\/\/ailan.fi\/index.php?rest_route=\/wp\/v2\/pages\/31\/revisions"}],"predecessor-version":[{"id":28401,"href":"https:\/\/ailan.fi\/index.php?rest_route=\/wp\/v2\/pages\/31\/revisions\/28401"}],"wp:attachment":[{"href":"https:\/\/ailan.fi\/index.php?rest_route=%2Fwp%2Fv2%2Fmedia&parent=31"}],"curies":[{"name":"wp","href":"https:\/\/api.w.org\/{rel}","templated":true}]}}